{"id":11,"date":"2022-03-14T23:11:51","date_gmt":"2022-03-14T23:11:51","guid":{"rendered":"https:\/\/rempart-formation.com\/?page_id=11"},"modified":"2024-11-06T10:24:24","modified_gmt":"2024-11-06T10:24:24","slug":"11-2","status":"publish","type":"page","link":"https:\/\/rempart-formation.com\/","title":{"rendered":"Se former avec REMPART"},"content":{"rendered":"\n<figure class=\"wp-block-gallery alignwide has-nested-images columns-default is-cropped wp-block-gallery-1 is-layout-flex wp-block-gallery-is-layout-flex\">\n<figure class=\"wp-block-image size-large\"><img loading=\"lazy\" decoding=\"async\" width=\"801\" height=\"1024\" data-id=\"55\" src=\"https:\/\/rempart-formation.com\/wp-content\/uploads\/2022\/03\/Image5-bis-801x1024.jpg\" alt=\"\" class=\"wp-image-55\" srcset=\"https:\/\/rempart-formation.com\/wp-content\/uploads\/2022\/03\/Image5-bis-801x1024.jpg 801w, https:\/\/rempart-formation.com\/wp-content\/uploads\/2022\/03\/Image5-bis-235x300.jpg 235w, https:\/\/rempart-formation.com\/wp-content\/uploads\/2022\/03\/Image5-bis-768x981.jpg 768w, https:\/\/rempart-formation.com\/wp-content\/uploads\/2022\/03\/Image5-bis.jpg 875w\" sizes=\"auto, (max-width: 801px) 100vw, 801px\" \/><\/figure>\n\n\n\n<figure class=\"wp-block-image size-large\"><img loading=\"lazy\" decoding=\"async\" width=\"833\" height=\"1024\" data-id=\"52\" src=\"https:\/\/rempart-formation.com\/wp-content\/uploads\/2022\/03\/Image1-833x1024.jpg\" alt=\"\" class=\"wp-image-52\" srcset=\"https:\/\/rempart-formation.com\/wp-content\/uploads\/2022\/03\/Image1-833x1024.jpg 833w, https:\/\/rempart-formation.com\/wp-content\/uploads\/2022\/03\/Image1-244x300.jpg 244w, https:\/\/rempart-formation.com\/wp-content\/uploads\/2022\/03\/Image1-768x944.jpg 768w, https:\/\/rempart-formation.com\/wp-content\/uploads\/2022\/03\/Image1.jpg 917w\" sizes=\"auto, (max-width: 833px) 100vw, 833px\" \/><\/figure>\n\n\n\n<figure class=\"wp-block-image size-large\"><img loading=\"lazy\" decoding=\"async\" width=\"394\" height=\"401\" data-id=\"54\" src=\"https:\/\/rempart-formation.com\/wp-content\/uploads\/2022\/03\/Image2.jpg\" alt=\"\" class=\"wp-image-54\" srcset=\"https:\/\/rempart-formation.com\/wp-content\/uploads\/2022\/03\/Image2.jpg 394w, https:\/\/rempart-formation.com\/wp-content\/uploads\/2022\/03\/Image2-295x300.jpg 295w\" sizes=\"auto, (max-width: 394px) 100vw, 394px\" \/><\/figure>\n<\/figure>\n\n\n\n<div style=\"height:12px\" aria-hidden=\"true\" class=\"wp-block-spacer\"><\/div>\n\n\n\n<div class=\"wp-block-columns is-layout-flex wp-container-core-columns-is-layout-9d6595d7 wp-block-columns-is-layout-flex\">\n<div class=\"wp-block-column is-layout-flow wp-block-column-is-layout-flow\">\n<div class=\"wp-block-buttons is-content-justification-center is-layout-flex wp-container-core-buttons-is-layout-16018d1d wp-block-buttons-is-layout-flex\">\n<div class=\"wp-block-button\"><a class=\"wp-block-button__link wp-element-button\" href=\"https:\/\/www.rempart.com\/fr\/se-former-a-tout-age\/stages-techniques\" target=\"_blank\" rel=\"noreferrer noopener\">Se former aux techniques de restauration et d&rsquo;animation du patrimoine<\/a><\/div>\n<\/div>\n<\/div>\n\n\n\n<div class=\"wp-block-column is-layout-flow wp-block-column-is-layout-flow\">\n<div class=\"wp-block-buttons is-content-justification-center is-layout-flex wp-container-core-buttons-is-layout-16018d1d wp-block-buttons-is-layout-flex\">\n<div class=\"wp-block-button\"><a class=\"wp-block-button__link wp-element-button\" href=\"https:\/\/www.rempart.com\/fr\/se-former-a-tout-age\/formations-a-l-animation\" target=\"_blank\" rel=\"noreferrer noopener\">Se former \u00e0 l&rsquo;animation de chantiers de b\u00e9n\u00e9voles<\/a><\/div>\n<\/div>\n<\/div>\n\n\n\n<div class=\"wp-block-column is-layout-flow wp-block-column-is-layout-flow\">\n<div class=\"wp-block-buttons is-content-justification-center is-layout-flex wp-container-core-buttons-is-layout-16018d1d wp-block-buttons-is-layout-flex\">\n<div class=\"wp-block-button\"><a class=\"wp-block-button__link wp-element-button\" href=\"https:\/\/www.rempart.com\/fr\/bafa\" target=\"_blank\" rel=\"noreferrer noopener\">Se former au BAFA<\/a><\/div>\n<\/div>\n<\/div>\n<\/div>\n\n\n\n<div style=\"height:38px\" aria-hidden=\"true\" class=\"wp-block-spacer\"><\/div>\n\n\n\n<p><\/p>\n","protected":false},"excerpt":{"rendered":"","protected":false},"author":1,"featured_media":0,"parent":0,"menu_order":0,"comment_status":"closed","ping_status":"closed","template":"","meta":{"om_disable_all_campaigns":false,"_monsterinsights_skip_tracking":false,"_monsterinsights_sitenote_active":false,"_monsterinsights_sitenote_note":"","_monsterinsights_sitenote_category":0,"site-sidebar-layout":"default","site-content-layout":"default","ast-main-header-display":"","ast-hfb-above-header-display":"","ast-hfb-below-header-display":"","ast-hfb-mobile-header-display":"","site-post-title":"","ast-breadcrumbs-content":"","ast-featured-img":"","footer-sml-layout":"","theme-transparent-header-meta":"","adv-header-id-meta":"","stick-header-meta":"","header-above-stick-meta":"","header-main-stick-meta":"","header-below-stick-meta":"","footnotes":""},"class_list":["post-11","page","type-page","status-publish","hentry"],"_links":{"self":[{"href":"https:\/\/rempart-formation.com\/index.php\/wp-json\/wp\/v2\/pages\/11","targetHints":{"allow":["GET"]}}],"collection":[{"href":"https:\/\/rempart-formation.com\/index.php\/wp-json\/wp\/v2\/pages"}],"about":[{"href":"https:\/\/rempart-formation.com\/index.php\/wp-json\/wp\/v2\/types\/page"}],"author":[{"embeddable":true,"href":"https:\/\/rempart-formation.com\/index.php\/wp-json\/wp\/v2\/users\/1"}],"replies":[{"embeddable":true,"href":"https:\/\/rempart-formation.com\/index.php\/wp-json\/wp\/v2\/comments?post=11"}],"version-history":[{"count":19,"href":"https:\/\/rempart-formation.com\/index.php\/wp-json\/wp\/v2\/pages\/11\/revisions"}],"predecessor-version":[{"id":65,"href":"https:\/\/rempart-formation.com\/index.php\/wp-json\/wp\/v2\/pages\/11\/revisions\/65"}],"wp:attachment":[{"href":"https:\/\/rempart-formation.com\/index.php\/wp-json\/wp\/v2\/media?parent=11"}],"curies":[{"name":"wp","href":"https:\/\/api.w.org\/{rel}","templated":true}]}}